{"id":67,"date":"2021-11-29T16:55:00","date_gmt":"2021-11-29T19:55:00","guid":{"rendered":"http:\/\/revistapmkt.com.br\/?page_id=67"},"modified":"2022-05-02T13:35:18","modified_gmt":"2022-05-02T16:35:18","slug":"publicacoes","status":"publish","type":"page","link":"https:\/\/revistapmkt.com.br\/en\/publicacoes\/","title":{"rendered":"Publications"},"content":{"rendered":"","protected":false},"excerpt":{"rendered":"","protected":false},"author":1,"featured_media":0,"parent":0,"menu_order":0,"comment_status":"closed","ping_status":"open","template":"index.php","meta":{"_acf_changed":false,"footnotes":""},"class_list":["post-67","page","type-page","status-publish","hentry"],"acf":[],"yoast_head":"<!-- This site is optimized with the Yoast SEO plugin v27.4 - https:\/\/yoast.com\/product\/yoast-seo-wordpress\/ -->\n<title>Publica\u00e7\u00f5es - Revista PMKT<\/title>\n<meta name=\"description\" content=\"Em setembro\/2016 a PMKT teve todas as suas edi\u00e7\u00f5es anteriores renumeradas segundo orienta\u00e7\u00e3o constante do relat\u00f3rio emitido...\" \/>\n<meta name=\"robots\" content=\"index, follow, max-snippet:-1, max-image-preview:large, max-video-preview:-1\" \/>\n<link rel=\"canonical\" href=\"https:\/\/revistapmkt.com.br\/en\/publicacoes\/\" \/>\n<meta property=\"og:locale\" content=\"en_GB\" \/>\n<meta property=\"og:type\" content=\"article\" \/>\n<meta property=\"og:title\" content=\"Publica\u00e7\u00f5es - Revista PMKT\" \/>\n<meta property=\"og:description\" content=\"Em setembro\/2016 a PMKT teve todas as suas edi\u00e7\u00f5es anteriores renumeradas segundo orienta\u00e7\u00e3o constante do relat\u00f3rio emitido...\" \/>\n<meta property=\"og:url\" content=\"https:\/\/revistapmkt.com.br\/en\/publicacoes\/\" \/>\n<meta property=\"og:site_name\" content=\"Revista PMKT\" \/>\n<meta property=\"article:modified_time\" content=\"2022-05-02T16:35:18+00:00\" \/>\n<meta name=\"twitter:card\" content=\"summary_large_image\" \/>\n<script type=\"application\/ld+json\" class=\"yoast-schema-graph\">{\"@context\":\"https:\\\/\\\/schema.org\",\"@graph\":[{\"@type\":\"WebPage\",\"@id\":\"https:\\\/\\\/revistapmkt.com.br\\\/publicacoes\\\/\",\"url\":\"https:\\\/\\\/revistapmkt.com.br\\\/publicacoes\\\/\",\"name\":\"Publica\u00e7\u00f5es - Revista PMKT\",\"isPartOf\":{\"@id\":\"https:\\\/\\\/revistapmkt.com.br\\\/#website\"},\"datePublished\":\"2021-11-29T19:55:00+00:00\",\"dateModified\":\"2022-05-02T16:35:18+00:00\",\"description\":\"Em setembro\\\/2016 a PMKT teve todas as suas edi\u00e7\u00f5es anteriores renumeradas segundo orienta\u00e7\u00e3o constante do relat\u00f3rio emitido...\",\"inLanguage\":\"en-GB\",\"potentialAction\":[{\"@type\":\"ReadAction\",\"target\":[\"https:\\\/\\\/revistapmkt.com.br\\\/publicacoes\\\/\"]}]},{\"@type\":\"WebSite\",\"@id\":\"https:\\\/\\\/revistapmkt.com.br\\\/#website\",\"url\":\"https:\\\/\\\/revistapmkt.com.br\\\/\",\"name\":\"Revista PMKT\",\"description\":\"Revista Brasileira de Pesquisas de Marketing\",\"potentialAction\":[{\"@type\":\"SearchAction\",\"target\":{\"@type\":\"EntryPoint\",\"urlTemplate\":\"https:\\\/\\\/revistapmkt.com.br\\\/?s={search_term_string}\"},\"query-input\":{\"@type\":\"PropertyValueSpecification\",\"valueRequired\":true,\"valueName\":\"search_term_string\"}}],\"inLanguage\":\"en-GB\"}]}<\/script>\n<!-- \/ Yoast SEO plugin. -->","yoast_head_json":{"title":"Publica\u00e7\u00f5es - Revista PMKT","description":"Em setembro\/2016 a PMKT teve todas as suas edi\u00e7\u00f5es anteriores renumeradas segundo orienta\u00e7\u00e3o constante do relat\u00f3rio emitido...","robots":{"index":"index","follow":"follow","max-snippet":"max-snippet:-1","max-image-preview":"max-image-preview:large","max-video-preview":"max-video-preview:-1"},"canonical":"https:\/\/revistapmkt.com.br\/en\/publicacoes\/","og_locale":"en_GB","og_type":"article","og_title":"Publica\u00e7\u00f5es - Revista PMKT","og_description":"Em setembro\/2016 a PMKT teve todas as suas edi\u00e7\u00f5es anteriores renumeradas segundo orienta\u00e7\u00e3o constante do relat\u00f3rio emitido...","og_url":"https:\/\/revistapmkt.com.br\/en\/publicacoes\/","og_site_name":"Revista PMKT","article_modified_time":"2022-05-02T16:35:18+00:00","twitter_card":"summary_large_image","schema":{"@context":"https:\/\/schema.org","@graph":[{"@type":"WebPage","@id":"https:\/\/revistapmkt.com.br\/publicacoes\/","url":"https:\/\/revistapmkt.com.br\/publicacoes\/","name":"Publica\u00e7\u00f5es - Revista PMKT","isPartOf":{"@id":"https:\/\/revistapmkt.com.br\/#website"},"datePublished":"2021-11-29T19:55:00+00:00","dateModified":"2022-05-02T16:35:18+00:00","description":"Em setembro\/2016 a PMKT teve todas as suas edi\u00e7\u00f5es anteriores renumeradas segundo orienta\u00e7\u00e3o constante do relat\u00f3rio emitido...","inLanguage":"en-GB","potentialAction":[{"@type":"ReadAction","target":["https:\/\/revistapmkt.com.br\/publicacoes\/"]}]},{"@type":"WebSite","@id":"https:\/\/revistapmkt.com.br\/#website","url":"https:\/\/revistapmkt.com.br\/","name":"PMKT Magazine","description":"Revista Brasileira de Pesquisas de Marketing","potentialAction":[{"@type":"SearchAction","target":{"@type":"EntryPoint","urlTemplate":"https:\/\/revistapmkt.com.br\/?s={search_term_string}"},"query-input":{"@type":"PropertyValueSpecification","valueRequired":true,"valueName":"search_term_string"}}],"inLanguage":"en-GB"}]}},"_links":{"self":[{"href":"https:\/\/revistapmkt.com.br\/en\/wp-json\/wp\/v2\/pages\/67","targetHints":{"allow":["GET"]}}],"collection":[{"href":"https:\/\/revistapmkt.com.br\/en\/wp-json\/wp\/v2\/pages"}],"about":[{"href":"https:\/\/revistapmkt.com.br\/en\/wp-json\/wp\/v2\/types\/page"}],"author":[{"embeddable":true,"href":"https:\/\/revistapmkt.com.br\/en\/wp-json\/wp\/v2\/users\/1"}],"replies":[{"embeddable":true,"href":"https:\/\/revistapmkt.com.br\/en\/wp-json\/wp\/v2\/comments?post=67"}],"version-history":[{"count":4,"href":"https:\/\/revistapmkt.com.br\/en\/wp-json\/wp\/v2\/pages\/67\/revisions"}],"predecessor-version":[{"id":248,"href":"https:\/\/revistapmkt.com.br\/en\/wp-json\/wp\/v2\/pages\/67\/revisions\/248"}],"wp:attachment":[{"href":"https:\/\/revistapmkt.com.br\/en\/wp-json\/wp\/v2\/media?parent=67"}],"curies":[{"name":"wp","href":"https:\/\/api.w.org\/{rel}","templated":true}]}}