{"id":139,"date":"2021-11-30T17:41:41","date_gmt":"2021-11-30T20:41:41","guid":{"rendered":"http:\/\/revistapmkt.com.br\/?page_id=139"},"modified":"2022-05-03T12:27:38","modified_gmt":"2022-05-03T15:27:38","slug":"sobre-nos","status":"publish","type":"page","link":"https:\/\/revistapmkt.com.br\/pt_br\/sobre-nos\/","title":{"rendered":"Revista PMKT"},"content":{"rendered":"","protected":false},"excerpt":{"rendered":"","protected":false},"author":1,"featured_media":0,"parent":0,"menu_order":0,"comment_status":"closed","ping_status":"open","template":"templates\/sobre.php","meta":{"_acf_changed":false,"footnotes":""},"class_list":["post-139","page","type-page","status-publish","hentry"],"acf":[],"yoast_head":"<!-- This site is optimized with the Yoast SEO plugin v27.4 - https:\/\/yoast.com\/product\/yoast-seo-wordpress\/ -->\n<title>Sobre N\u00f3s - Revista PMKT<\/title>\n<meta name=\"description\" content=\"A PMKT \u2013 Revista Brasileira de Pesquisas de Marketing, Opini\u00e3o e M\u00eddia \u00e9 uma publica\u00e7\u00e3o quadrimestral e bil\u00edngue (Portugu\u00eas e Ingl\u00eas)\" \/>\n<meta name=\"robots\" content=\"index, follow, max-snippet:-1, max-image-preview:large, max-video-preview:-1\" \/>\n<link rel=\"canonical\" href=\"https:\/\/revistapmkt.com.br\/pt_br\/sobre-nos\/\" \/>\n<meta property=\"og:locale\" content=\"pt_BR\" \/>\n<meta property=\"og:type\" content=\"article\" \/>\n<meta property=\"og:title\" content=\"Sobre N\u00f3s - Revista PMKT\" \/>\n<meta property=\"og:description\" content=\"A PMKT \u2013 Revista Brasileira de Pesquisas de Marketing, Opini\u00e3o e M\u00eddia \u00e9 uma publica\u00e7\u00e3o quadrimestral e bil\u00edngue (Portugu\u00eas e Ingl\u00eas)\" \/>\n<meta property=\"og:url\" content=\"https:\/\/revistapmkt.com.br\/pt_br\/sobre-nos\/\" \/>\n<meta property=\"og:site_name\" content=\"Revista PMKT\" \/>\n<meta property=\"article:modified_time\" content=\"2022-05-03T15:27:38+00:00\" \/>\n<meta name=\"twitter:card\" content=\"summary_large_image\" \/>\n<script type=\"application\/ld+json\" class=\"yoast-schema-graph\">{\"@context\":\"https:\\\/\\\/schema.org\",\"@graph\":[{\"@type\":\"WebPage\",\"@id\":\"https:\\\/\\\/revistapmkt.com.br\\\/sobre-nos\\\/\",\"url\":\"https:\\\/\\\/revistapmkt.com.br\\\/sobre-nos\\\/\",\"name\":\"Sobre N\u00f3s - Revista PMKT\",\"isPartOf\":{\"@id\":\"https:\\\/\\\/revistapmkt.com.br\\\/#website\"},\"datePublished\":\"2021-11-30T20:41:41+00:00\",\"dateModified\":\"2022-05-03T15:27:38+00:00\",\"description\":\"A PMKT \u2013 Revista Brasileira de Pesquisas de Marketing, Opini\u00e3o e M\u00eddia \u00e9 uma publica\u00e7\u00e3o quadrimestral e bil\u00edngue (Portugu\u00eas e Ingl\u00eas)\",\"inLanguage\":\"pt-BR\",\"potentialAction\":[{\"@type\":\"ReadAction\",\"target\":[\"https:\\\/\\\/revistapmkt.com.br\\\/sobre-nos\\\/\"]}]},{\"@type\":\"WebSite\",\"@id\":\"https:\\\/\\\/revistapmkt.com.br\\\/#website\",\"url\":\"https:\\\/\\\/revistapmkt.com.br\\\/\",\"name\":\"Revista PMKT\",\"description\":\"Revista Brasileira de Pesquisas de Marketing\",\"potentialAction\":[{\"@type\":\"SearchAction\",\"target\":{\"@type\":\"EntryPoint\",\"urlTemplate\":\"https:\\\/\\\/revistapmkt.com.br\\\/?s={search_term_string}\"},\"query-input\":{\"@type\":\"PropertyValueSpecification\",\"valueRequired\":true,\"valueName\":\"search_term_string\"}}],\"inLanguage\":\"pt-BR\"}]}<\/script>\n<!-- \/ Yoast SEO plugin. -->","yoast_head_json":{"title":"Sobre N\u00f3s - Revista PMKT","description":"A PMKT \u2013 Revista Brasileira de Pesquisas de Marketing, Opini\u00e3o e M\u00eddia \u00e9 uma publica\u00e7\u00e3o quadrimestral e bil\u00edngue (Portugu\u00eas e Ingl\u00eas)","robots":{"index":"index","follow":"follow","max-snippet":"max-snippet:-1","max-image-preview":"max-image-preview:large","max-video-preview":"max-video-preview:-1"},"canonical":"https:\/\/revistapmkt.com.br\/pt_br\/sobre-nos\/","og_locale":"pt_BR","og_type":"article","og_title":"Sobre N\u00f3s - Revista PMKT","og_description":"A PMKT \u2013 Revista Brasileira de Pesquisas de Marketing, Opini\u00e3o e M\u00eddia \u00e9 uma publica\u00e7\u00e3o quadrimestral e bil\u00edngue (Portugu\u00eas e Ingl\u00eas)","og_url":"https:\/\/revistapmkt.com.br\/pt_br\/sobre-nos\/","og_site_name":"Revista PMKT","article_modified_time":"2022-05-03T15:27:38+00:00","twitter_card":"summary_large_image","schema":{"@context":"https:\/\/schema.org","@graph":[{"@type":"WebPage","@id":"https:\/\/revistapmkt.com.br\/sobre-nos\/","url":"https:\/\/revistapmkt.com.br\/sobre-nos\/","name":"Sobre N\u00f3s - Revista PMKT","isPartOf":{"@id":"https:\/\/revistapmkt.com.br\/#website"},"datePublished":"2021-11-30T20:41:41+00:00","dateModified":"2022-05-03T15:27:38+00:00","description":"A PMKT \u2013 Revista Brasileira de Pesquisas de Marketing, Opini\u00e3o e M\u00eddia \u00e9 uma publica\u00e7\u00e3o quadrimestral e bil\u00edngue (Portugu\u00eas e Ingl\u00eas)","inLanguage":"pt-BR","potentialAction":[{"@type":"ReadAction","target":["https:\/\/revistapmkt.com.br\/sobre-nos\/"]}]},{"@type":"WebSite","@id":"https:\/\/revistapmkt.com.br\/#website","url":"https:\/\/revistapmkt.com.br\/","name":"Revista PMKT","description":"Revista Brasileira de Pesquisas de Marketing","potentialAction":[{"@type":"SearchAction","target":{"@type":"EntryPoint","urlTemplate":"https:\/\/revistapmkt.com.br\/?s={search_term_string}"},"query-input":{"@type":"PropertyValueSpecification","valueRequired":true,"valueName":"search_term_string"}}],"inLanguage":"pt-BR"}]}},"_links":{"self":[{"href":"https:\/\/revistapmkt.com.br\/pt_br\/wp-json\/wp\/v2\/pages\/139","targetHints":{"allow":["GET"]}}],"collection":[{"href":"https:\/\/revistapmkt.com.br\/pt_br\/wp-json\/wp\/v2\/pages"}],"about":[{"href":"https:\/\/revistapmkt.com.br\/pt_br\/wp-json\/wp\/v2\/types\/page"}],"author":[{"embeddable":true,"href":"https:\/\/revistapmkt.com.br\/pt_br\/wp-json\/wp\/v2\/users\/1"}],"replies":[{"embeddable":true,"href":"https:\/\/revistapmkt.com.br\/pt_br\/wp-json\/wp\/v2\/comments?post=139"}],"version-history":[{"count":12,"href":"https:\/\/revistapmkt.com.br\/pt_br\/wp-json\/wp\/v2\/pages\/139\/revisions"}],"predecessor-version":[{"id":1859,"href":"https:\/\/revistapmkt.com.br\/pt_br\/wp-json\/wp\/v2\/pages\/139\/revisions\/1859"}],"wp:attachment":[{"href":"https:\/\/revistapmkt.com.br\/pt_br\/wp-json\/wp\/v2\/media?parent=139"}],"curies":[{"name":"wp","href":"https:\/\/api.w.org\/{rel}","templated":true}]}}