{"id":203,"date":"2021-12-03T10:01:21","date_gmt":"2021-12-03T13:01:21","guid":{"rendered":"http:\/\/revistapmkt.com.br\/?page_id=203"},"modified":"2022-05-02T13:52:48","modified_gmt":"2022-05-02T16:52:48","slug":"conselho-tecnico","status":"publish","type":"page","link":"https:\/\/revistapmkt.com.br\/pt_br\/conselho-tecnico\/","title":{"rendered":"Conselho T\u00e9cnico"},"content":{"rendered":"","protected":false},"excerpt":{"rendered":"","protected":false},"author":1,"featured_media":0,"parent":0,"menu_order":0,"comment_status":"closed","ping_status":"closed","template":"templates\/conselho-tecnico.php","meta":{"_acf_changed":false,"footnotes":""},"class_list":["post-203","page","type-page","status-publish","hentry"],"acf":[],"yoast_head":"<!-- This site is optimized with the Yoast SEO plugin v27.4 - https:\/\/yoast.com\/product\/yoast-seo-wordpress\/ -->\n<title>Conselho T\u00e9cnico - Revista PMKT<\/title>\n<meta name=\"description\" content=\"P\u00e1gina dos &quot;Conselheiros T\u00e9cnicos&quot;, que comp\u00f5e a Revista PMKT \u2013 Revista Brasileira de Pesquisas de Marketing, Opini\u00e3o e M\u00eddia.\" \/>\n<meta name=\"robots\" content=\"index, follow, max-snippet:-1, max-image-preview:large, max-video-preview:-1\" \/>\n<link rel=\"canonical\" href=\"https:\/\/revistapmkt.com.br\/pt_br\/conselho-tecnico\/\" \/>\n<meta property=\"og:locale\" content=\"pt_BR\" \/>\n<meta property=\"og:type\" content=\"article\" \/>\n<meta property=\"og:title\" content=\"Conselho T\u00e9cnico - Revista PMKT\" \/>\n<meta property=\"og:description\" content=\"P\u00e1gina dos &quot;Conselheiros T\u00e9cnicos&quot;, que comp\u00f5e a Revista PMKT \u2013 Revista Brasileira de Pesquisas de Marketing, Opini\u00e3o e M\u00eddia.\" \/>\n<meta property=\"og:url\" content=\"https:\/\/revistapmkt.com.br\/pt_br\/conselho-tecnico\/\" \/>\n<meta property=\"og:site_name\" content=\"Revista PMKT\" \/>\n<meta property=\"article:modified_time\" content=\"2022-05-02T16:52:48+00:00\" \/>\n<meta name=\"twitter:card\" content=\"summary_large_image\" \/>\n<script type=\"application\/ld+json\" class=\"yoast-schema-graph\">{\"@context\":\"https:\\\/\\\/schema.org\",\"@graph\":[{\"@type\":\"WebPage\",\"@id\":\"https:\\\/\\\/revistapmkt.com.br\\\/conselho-tecnico\\\/\",\"url\":\"https:\\\/\\\/revistapmkt.com.br\\\/conselho-tecnico\\\/\",\"name\":\"Conselho T\u00e9cnico - Revista PMKT\",\"isPartOf\":{\"@id\":\"https:\\\/\\\/revistapmkt.com.br\\\/#website\"},\"datePublished\":\"2021-12-03T13:01:21+00:00\",\"dateModified\":\"2022-05-02T16:52:48+00:00\",\"description\":\"P\u00e1gina dos \\\"Conselheiros T\u00e9cnicos\\\", que comp\u00f5e a Revista PMKT \u2013 Revista Brasileira de Pesquisas de Marketing, Opini\u00e3o e M\u00eddia.\",\"inLanguage\":\"pt-BR\",\"potentialAction\":[{\"@type\":\"ReadAction\",\"target\":[\"https:\\\/\\\/revistapmkt.com.br\\\/conselho-tecnico\\\/\"]}]},{\"@type\":\"WebSite\",\"@id\":\"https:\\\/\\\/revistapmkt.com.br\\\/#website\",\"url\":\"https:\\\/\\\/revistapmkt.com.br\\\/\",\"name\":\"Revista PMKT\",\"description\":\"Revista Brasileira de Pesquisas de Marketing\",\"potentialAction\":[{\"@type\":\"SearchAction\",\"target\":{\"@type\":\"EntryPoint\",\"urlTemplate\":\"https:\\\/\\\/revistapmkt.com.br\\\/?s={search_term_string}\"},\"query-input\":{\"@type\":\"PropertyValueSpecification\",\"valueRequired\":true,\"valueName\":\"search_term_string\"}}],\"inLanguage\":\"pt-BR\"}]}<\/script>\n<!-- \/ Yoast SEO plugin. -->","yoast_head_json":{"title":"Conselho T\u00e9cnico - Revista PMKT","description":"P\u00e1gina dos \"Conselheiros T\u00e9cnicos\", que comp\u00f5e a Revista PMKT \u2013 Revista Brasileira de Pesquisas de Marketing, Opini\u00e3o e M\u00eddia.","robots":{"index":"index","follow":"follow","max-snippet":"max-snippet:-1","max-image-preview":"max-image-preview:large","max-video-preview":"max-video-preview:-1"},"canonical":"https:\/\/revistapmkt.com.br\/pt_br\/conselho-tecnico\/","og_locale":"pt_BR","og_type":"article","og_title":"Conselho T\u00e9cnico - Revista PMKT","og_description":"P\u00e1gina dos \"Conselheiros T\u00e9cnicos\", que comp\u00f5e a Revista PMKT \u2013 Revista Brasileira de Pesquisas de Marketing, Opini\u00e3o e M\u00eddia.","og_url":"https:\/\/revistapmkt.com.br\/pt_br\/conselho-tecnico\/","og_site_name":"Revista PMKT","article_modified_time":"2022-05-02T16:52:48+00:00","twitter_card":"summary_large_image","schema":{"@context":"https:\/\/schema.org","@graph":[{"@type":"WebPage","@id":"https:\/\/revistapmkt.com.br\/conselho-tecnico\/","url":"https:\/\/revistapmkt.com.br\/conselho-tecnico\/","name":"Conselho T\u00e9cnico - Revista PMKT","isPartOf":{"@id":"https:\/\/revistapmkt.com.br\/#website"},"datePublished":"2021-12-03T13:01:21+00:00","dateModified":"2022-05-02T16:52:48+00:00","description":"P\u00e1gina dos \"Conselheiros T\u00e9cnicos\", que comp\u00f5e a Revista PMKT \u2013 Revista Brasileira de Pesquisas de Marketing, Opini\u00e3o e M\u00eddia.","inLanguage":"pt-BR","potentialAction":[{"@type":"ReadAction","target":["https:\/\/revistapmkt.com.br\/conselho-tecnico\/"]}]},{"@type":"WebSite","@id":"https:\/\/revistapmkt.com.br\/#website","url":"https:\/\/revistapmkt.com.br\/","name":"Revista PMKT","description":"Revista Brasileira de Pesquisas de Marketing","potentialAction":[{"@type":"SearchAction","target":{"@type":"EntryPoint","urlTemplate":"https:\/\/revistapmkt.com.br\/?s={search_term_string}"},"query-input":{"@type":"PropertyValueSpecification","valueRequired":true,"valueName":"search_term_string"}}],"inLanguage":"pt-BR"}]}},"_links":{"self":[{"href":"https:\/\/revistapmkt.com.br\/pt_br\/wp-json\/wp\/v2\/pages\/203","targetHints":{"allow":["GET"]}}],"collection":[{"href":"https:\/\/revistapmkt.com.br\/pt_br\/wp-json\/wp\/v2\/pages"}],"about":[{"href":"https:\/\/revistapmkt.com.br\/pt_br\/wp-json\/wp\/v2\/types\/page"}],"author":[{"embeddable":true,"href":"https:\/\/revistapmkt.com.br\/pt_br\/wp-json\/wp\/v2\/users\/1"}],"replies":[{"embeddable":true,"href":"https:\/\/revistapmkt.com.br\/pt_br\/wp-json\/wp\/v2\/comments?post=203"}],"version-history":[{"count":9,"href":"https:\/\/revistapmkt.com.br\/pt_br\/wp-json\/wp\/v2\/pages\/203\/revisions"}],"predecessor-version":[{"id":214,"href":"https:\/\/revistapmkt.com.br\/pt_br\/wp-json\/wp\/v2\/pages\/203\/revisions\/214"}],"wp:attachment":[{"href":"https:\/\/revistapmkt.com.br\/pt_br\/wp-json\/wp\/v2\/media?parent=203"}],"curies":[{"name":"wp","href":"https:\/\/api.w.org\/{rel}","templated":true}]}}